{"id":55,"date":"2016-06-07T15:55:50","date_gmt":"2016-06-07T15:55:50","guid":{"rendered":"http:\/\/elscolorsilesformes.com\/?page_id=55"},"modified":"2016-07-18T10:57:35","modified_gmt":"2016-07-18T10:57:35","slug":"moldear-en-barro","status":"publish","type":"page","link":"http:\/\/elscolorsilesformes.com\/en\/nuestros-trabajos\/moldear-en-barro\/","title":{"rendered":"Molding clay"},"content":{"rendered":"<h2 style=\"text-align: center;\">    <script>\r\n        jQuery.browser = {};\r\n        (function () {\r\n            jQuery.browser.msie = false;\r\n            jQuery.browser.version = 0;\r\n            if (navigator.userAgent.match(\/MSIE ([0-9]+)\\.\/)) {\r\n                jQuery.browser.msie = true;\r\n                jQuery.browser.version = RegExp.$1;\r\n            }\r\n        })();\r\n    <\/script>\r\n\r\n    <style>\r\n        .modal-backdrop.in {\r\n            display: none !important;\r\n        }\r\n        @media (min-width: 992px) {\r\n            .col-md-6 {\r\n                width: 48% !important;\r\n                padding-right: 5px;\r\n                padding-left: 5px;\r\n                float: left;\r\n            }\r\n\t\t}\r\n\r\n        .b-link-fade .b-wrapper, .b-link-fade .b-top-line {\r\n            background: rgba(49, 163, 221, 0.5);;\r\n        }\r\n\r\n        .b-link-flow .b-wrapper, .b-link-flow .b-top-line {\r\n            background: rgba(49, 163, 221, 0.5);;\r\n        }\r\n\r\n        .b-link-stroke .b-top-line {\r\n            background: rgba(49, 163, 221, 0.5);;\r\n        }\r\n\r\n        .b-link-stroke .b-bottom-line {\r\n            background: rgba(49, 163, 221, 0.5);;\r\n        }\r\n\r\n        .b-link-box .b-top-line {\r\n\r\n            border: 16px solid#31A3DD;\r\n        }\r\n\r\n        .b-link-box .b-bottom-line {\r\n            background: rgba(49, 163, 221, 0.5);;\r\n        }\r\n\r\n        .b-link-stripe .b-line {\r\n            background: rgba(49, 163, 221, 0.5);;\r\n        }\r\n\r\n        .b-link-apart-horisontal .b-top-line, .b-link-apart-horisontal .b-top-line-up {\r\n            background: rgba(49, 163, 221, 0.5);;\r\n        }\r\n\r\n        .b-link-apart-horisontal .b-bottom-line, .b-link-apart-horisontal .b-bottom-line-up {\r\n            background: rgba(49, 163, 221, 0.5);;\r\n        }\r\n\r\n        .b-link-apart-vertical .b-top-line, .b-link-apart-vertical .b-top-line-up {\r\n            background: rgba(49, 163, 221, 0.5);;\r\n        }\r\n\r\n        .b-link-apart-vertical .b-bottom-line, .b-link-apart-vertical .b-bottom-line-up {\r\n            background: rgba(49, 163, 221, 0.5);;\r\n        }\r\n\r\n        .b-link-diagonal .b-line {\r\n            background: rgba(49, 163, 221, 0.5);;\r\n        }\r\n\r\n        .b-wrapper {\r\n            font-family: Arial;\r\n        }\r\n\r\n        .rpg-gal-title {\r\n            font-family: Arial;\r\n        }\r\n\r\n            <\/style>\r\n\r\n\t    <div id=\"gallery1\" class=\"gal-container\">\r\n\t\t            <!--get the post id-->\r\n\t\t\t            <div id=\"gal-container-265\" style=\"display: block; overflow:hidden;\">\r\n\t\t\t\t                <!-- gallery photos-->\r\n                <div class=\"row\" >\r\n\t\t\t\t\t                            <div class=\"col-md-4 col-sm-6 wl-gallery\">\r\n                                <div class=\"b-link-fade b-animate-go\">\r\n                                    <img decoding=\"async\" src=\"http:\/\/elscolorsilesformes.com\/wp-content\/uploads\/2016\/07\/DSC03705bq-1-1024x514.jpg\" alt=\"Clay hand\"\r\n                                         class=\"gall-img-responsive\">\r\n                                    <div class=\"b-wrapper\">\r\n                                    \t <div class=\"b-wrapper-inner\">\r\n\t                                        <h2 class=\"b-from-left b-animate b-delay03\">Clay hand<\/h2>\r\n\t                                        <p class=\"b-from-right b-animate b-delay03\">\r\n\t                                            <a class=\"wlrpgimg\" href=\"http:\/\/elscolorsilesformes.com\/wp-content\/uploads\/2016\/07\/DSC03705bq-1-1024x514.jpg\"\r\n\t                                               title=\"Clay hand\">\r\n\t                                                <i class=\"fa-picture-o fa-2x\"><\/i>\r\n\t                                            <\/a>&nbsp;&nbsp;\r\n\t\t\t\t\t\t\t\t\t\t\t\t\t                                        <\/p>\r\n                                       <\/div>\r\n                                   <\/div>\r\n                                <\/div>\r\n                            <\/div>\r\n\r\n\t\t\t\t\t\t\t                            <div class=\"col-md-4 col-sm-6 wl-gallery\">\r\n                                <div class=\"b-link-fade b-animate-go\">\r\n                                    <img decoding=\"async\" src=\"http:\/\/elscolorsilesformes.com\/wp-content\/uploads\/2016\/07\/1398627414743.jpg\" alt=\"Corps refractory clay\"\r\n                                         class=\"gall-img-responsive\">\r\n                                    <div class=\"b-wrapper\">\r\n                                    \t <div class=\"b-wrapper-inner\">\r\n\t                                        <h2 class=\"b-from-left b-animate b-delay03\">Corps refractory clay<\/h2>\r\n\t                                        <p class=\"b-from-right b-animate b-delay03\">\r\n\t                                            <a class=\"wlrpgimg\" href=\"http:\/\/elscolorsilesformes.com\/wp-content\/uploads\/2016\/07\/1398627414743.jpg\"\r\n\t                                               title=\"Corps refractory clay\">\r\n\t                                                <i class=\"fa-picture-o fa-2x\"><\/i>\r\n\t                                            <\/a>&nbsp;&nbsp;\r\n\t\t\t\t\t\t\t\t\t\t\t\t\t                                        <\/p>\r\n                                       <\/div>\r\n                                   <\/div>\r\n                                <\/div>\r\n                            <\/div>\r\n\r\n\t\t\t\t\t\t\t                            <div class=\"col-md-4 col-sm-6 wl-gallery\">\r\n                                <div class=\"b-link-fade b-animate-go\">\r\n                                    <img decoding=\"async\" src=\"http:\/\/elscolorsilesformes.com\/wp-content\/uploads\/2016\/07\/DSC04581bq.jpg\" alt=\"blue feet with clay and pigments.\"\r\n                                         class=\"gall-img-responsive\">\r\n                                    <div class=\"b-wrapper\">\r\n                                    \t <div class=\"b-wrapper-inner\">\r\n\t                                        <h2 class=\"b-from-left b-animate b-delay03\">blue feet with clay and pigments.<\/h2>\r\n\t                                        <p class=\"b-from-right b-animate b-delay03\">\r\n\t                                            <a class=\"wlrpgimg\" href=\"http:\/\/elscolorsilesformes.com\/wp-content\/uploads\/2016\/07\/DSC04581bq.jpg\"\r\n\t                                               title=\"blue feet with clay and pigments.\">\r\n\t                                                <i class=\"fa-picture-o fa-2x\"><\/i>\r\n\t                                            <\/a>&nbsp;&nbsp;\r\n\t\t\t\t\t\t\t\t\t\t\t\t\t                                        <\/p>\r\n                                       <\/div>\r\n                                   <\/div>\r\n                                <\/div>\r\n                            <\/div>\r\n\r\n\t\t\t\t\t\t\t                                    <div class=\"clearfix\"><\/div>\r\n\t\t\t\t\t\t\t\t\t                            <div class=\"col-md-4 col-sm-6 wl-gallery\">\r\n                                <div class=\"b-link-fade b-animate-go\">\r\n                                    <img decoding=\"async\" src=\"http:\/\/elscolorsilesformes.com\/wp-content\/uploads\/2016\/07\/DSC04583bq-1024x768.jpg\" alt=\"blue feet with clay and pigments.\"\r\n                                         class=\"gall-img-responsive\">\r\n                                    <div class=\"b-wrapper\">\r\n                                    \t <div class=\"b-wrapper-inner\">\r\n\t                                        <h2 class=\"b-from-left b-animate b-delay03\">blue feet with clay and pigments.<\/h2>\r\n\t                                        <p class=\"b-from-right b-animate b-delay03\">\r\n\t                                            <a class=\"wlrpgimg\" href=\"http:\/\/elscolorsilesformes.com\/wp-content\/uploads\/2016\/07\/DSC04583bq-1024x768.jpg\"\r\n\t                                               title=\"blue feet with clay and pigments.\">\r\n\t                                                <i class=\"fa-picture-o fa-2x\"><\/i>\r\n\t                                            <\/a>&nbsp;&nbsp;\r\n\t\t\t\t\t\t\t\t\t\t\t\t\t                                        <\/p>\r\n                                       <\/div>\r\n                                   <\/div>\r\n                                <\/div>\r\n                            <\/div>\r\n\r\n\t\t\t\t\t\t\t                <\/div>\r\n            <\/div>\r\n\t\t    <\/div>\r\n\t<\/h2>\n","protected":false},"excerpt":{"rendered":"","protected":false},"author":1,"featured_media":0,"parent":53,"menu_order":0,"comment_status":"closed","ping_status":"closed","template":"fullwidth.php","meta":{"_exactmetrics_skip_tracking":false,"_exactmetrics_sitenote_active":false,"_exactmetrics_sitenote_note":"","_exactmetrics_sitenote_category":0,"footnotes":""},"class_list":["post-55","page","type-page","status-publish","hentry"],"translation":{"provider":"WPGlobus","version":"3.0.2","language":"en","enabled_languages":["es","en"],"languages":{"es":{"title":true,"content":true,"excerpt":false},"en":{"title":true,"content":true,"excerpt":false}}},"yoast_head":"<!-- This site is optimized with the Yoast SEO plugin v27.2 - https:\/\/yoast.com\/product\/yoast-seo-wordpress\/ -->\n<title>Molding clay - Els Colors I Les Formes<\/title>\n<meta name=\"robots\" content=\"index, follow, max-snippet:-1, max-image-preview:large, max-video-preview:-1\" \/>\n<link rel=\"canonical\" href=\"http:\/\/elscolorsilesformes.com\/nuestros-trabajos\/moldear-en-barro\/\" \/>\n<meta property=\"og:locale\" content=\"en_US\" \/>\n<meta property=\"og:type\" content=\"article\" \/>\n<meta property=\"og:title\" content=\"Molding clay - Els Colors I Les Formes\" \/>\n<meta property=\"og:url\" content=\"http:\/\/elscolorsilesformes.com\/nuestros-trabajos\/moldear-en-barro\/\" \/>\n<meta property=\"og:site_name\" content=\"Els Colors I Les Formes\" \/>\n<meta property=\"article:publisher\" content=\"https:\/\/www.facebook.com\/jordi.riera.127?fref=photo\" \/>\n<meta property=\"article:modified_time\" content=\"2016-07-18T10:57:35+00:00\" \/>\n<meta name=\"twitter:card\" content=\"summary_large_image\" \/>\n<script type=\"application\/ld+json\" class=\"yoast-schema-graph\">{\"@context\":\"https:\/\/schema.org\",\"@graph\":[{\"@type\":\"WebPage\",\"@id\":\"http:\/\/elscolorsilesformes.com\/nuestros-trabajos\/moldear-en-barro\/\",\"url\":\"http:\/\/elscolorsilesformes.com\/nuestros-trabajos\/moldear-en-barro\/\",\"name\":\"Molding clay - Els Colors I Les Formes\",\"isPartOf\":{\"@id\":\"http:\/\/elscolorsilesformes.com\/en\/#website\"},\"datePublished\":\"2016-06-07T15:55:50+00:00\",\"dateModified\":\"2016-07-18T10:57:35+00:00\",\"breadcrumb\":{\"@id\":\"http:\/\/elscolorsilesformes.com\/nuestros-trabajos\/moldear-en-barro\/#breadcrumb\"},\"inLanguage\":\"en-US\",\"potentialAction\":[{\"@type\":\"ReadAction\",\"target\":[\"http:\/\/elscolorsilesformes.com\/nuestros-trabajos\/moldear-en-barro\/\"]}]},{\"@type\":\"BreadcrumbList\",\"@id\":\"http:\/\/elscolorsilesformes.com\/nuestros-trabajos\/moldear-en-barro\/#breadcrumb\",\"itemListElement\":[{\"@type\":\"ListItem\",\"position\":1,\"name\":\"Portada\",\"item\":\"http:\/\/elscolorsilesformes.com\/en\/\"},{\"@type\":\"ListItem\",\"position\":2,\"name\":\"Our Jobs\",\"item\":\"http:\/\/elscolorsilesformes.com\/en\/nuestros-trabajos\/\"},{\"@type\":\"ListItem\",\"position\":3,\"name\":\"Moldear en barro\"}]},{\"@type\":\"WebSite\",\"@id\":\"http:\/\/elscolorsilesformes.com\/en\/#website\",\"url\":\"http:\/\/elscolorsilesformes.com\/en\/\",\"name\":\"Els Colors I Les Formes\",\"description\":\"artista en el mundo de las formas y colores pra dise\u00f1os art\u00edsticos en pl\u00e1stico, cristal y otros materiales.\",\"potentialAction\":[{\"@type\":\"SearchAction\",\"target\":{\"@type\":\"EntryPoint\",\"urlTemplate\":\"http:\/\/elscolorsilesformes.com\/en\/?s={search_term_string}\"},\"query-input\":{\"@type\":\"PropertyValueSpecification\",\"valueRequired\":true,\"valueName\":\"search_term_string\"}}],\"inLanguage\":\"en-US\"}]}<\/script>\n<!-- \/ Yoast SEO plugin. -->","yoast_head_json":{"title":"Molding clay - Els Colors I Les Formes","robots":{"index":"index","follow":"follow","max-snippet":"max-snippet:-1","max-image-preview":"max-image-preview:large","max-video-preview":"max-video-preview:-1"},"canonical":"http:\/\/elscolorsilesformes.com\/nuestros-trabajos\/moldear-en-barro\/","og_locale":"en_US","og_type":"article","og_title":"Molding clay - Els Colors I Les Formes","og_url":"http:\/\/elscolorsilesformes.com\/nuestros-trabajos\/moldear-en-barro\/","og_site_name":"Els Colors I Les Formes","article_publisher":"https:\/\/www.facebook.com\/jordi.riera.127?fref=photo","article_modified_time":"2016-07-18T10:57:35+00:00","twitter_card":"summary_large_image","schema":{"@context":"https:\/\/schema.org","@graph":[{"@type":"WebPage","@id":"http:\/\/elscolorsilesformes.com\/nuestros-trabajos\/moldear-en-barro\/","url":"http:\/\/elscolorsilesformes.com\/nuestros-trabajos\/moldear-en-barro\/","name":"Molding clay - Els Colors I Les Formes","isPartOf":{"@id":"http:\/\/elscolorsilesformes.com\/en\/#website"},"datePublished":"2016-06-07T15:55:50+00:00","dateModified":"2016-07-18T10:57:35+00:00","breadcrumb":{"@id":"http:\/\/elscolorsilesformes.com\/nuestros-trabajos\/moldear-en-barro\/#breadcrumb"},"inLanguage":"en-US","potentialAction":[{"@type":"ReadAction","target":["http:\/\/elscolorsilesformes.com\/nuestros-trabajos\/moldear-en-barro\/"]}]},{"@type":"BreadcrumbList","@id":"http:\/\/elscolorsilesformes.com\/nuestros-trabajos\/moldear-en-barro\/#breadcrumb","itemListElement":[{"@type":"ListItem","position":1,"name":"Portada","item":"http:\/\/elscolorsilesformes.com\/en\/"},{"@type":"ListItem","position":2,"name":"Our Jobs","item":"http:\/\/elscolorsilesformes.com\/en\/nuestros-trabajos\/"},{"@type":"ListItem","position":3,"name":"Moldear en barro"}]},{"@type":"WebSite","@id":"http:\/\/elscolorsilesformes.com\/en\/#website","url":"http:\/\/elscolorsilesformes.com\/en\/","name":"Els Colors I Les Formes","description":"artista en el mundo de las formas y colores pra dise\u00f1os art\u00edsticos en pl\u00e1stico, cristal y otros materiales.","potentialAction":[{"@type":"SearchAction","target":{"@type":"EntryPoint","urlTemplate":"http:\/\/elscolorsilesformes.com\/en\/?s={search_term_string}"},"query-input":{"@type":"PropertyValueSpecification","valueRequired":true,"valueName":"search_term_string"}}],"inLanguage":"en-US"}]}},"_links":{"self":[{"href":"http:\/\/elscolorsilesformes.com\/en\/wp-json\/wp\/v2\/pages\/55","targetHints":{"allow":["GET"]}}],"collection":[{"href":"http:\/\/elscolorsilesformes.com\/en\/wp-json\/wp\/v2\/pages"}],"about":[{"href":"http:\/\/elscolorsilesformes.com\/en\/wp-json\/wp\/v2\/types\/page"}],"author":[{"embeddable":true,"href":"http:\/\/elscolorsilesformes.com\/en\/wp-json\/wp\/v2\/users\/1"}],"replies":[{"embeddable":true,"href":"http:\/\/elscolorsilesformes.com\/en\/wp-json\/wp\/v2\/comments?post=55"}],"version-history":[{"count":5,"href":"http:\/\/elscolorsilesformes.com\/en\/wp-json\/wp\/v2\/pages\/55\/revisions"}],"predecessor-version":[{"id":266,"href":"http:\/\/elscolorsilesformes.com\/en\/wp-json\/wp\/v2\/pages\/55\/revisions\/266"}],"up":[{"embeddable":true,"href":"http:\/\/elscolorsilesformes.com\/en\/wp-json\/wp\/v2\/pages\/53"}],"wp:attachment":[{"href":"http:\/\/elscolorsilesformes.com\/en\/wp-json\/wp\/v2\/media?parent=55"}],"curies":[{"name":"wp","href":"https:\/\/api.w.org\/{rel}","templated":true}]}}