{"id":413,"date":"2022-04-11T20:18:37","date_gmt":"2022-04-11T18:18:37","guid":{"rendered":"http:\/\/elscolorsilesformes.com\/?page_id=413"},"modified":"2022-04-20T15:39:10","modified_gmt":"2022-04-20T13:39:10","slug":"home","status":"publish","type":"page","link":"http:\/\/elscolorsilesformes.com\/en\/","title":{"rendered":"Inicio"},"content":{"rendered":"<div class=\"wpb-content-wrapper\">[vc_row css_animation=&#8221;&#8221; row_type=&#8221;row&#8221; use_row_as_full_screen_section=&#8221;no&#8221; type=&#8221;full_width&#8221; angled_section=&#8221;no&#8221; text_align=&#8221;left&#8221; background_image_as_pattern=&#8221;without_pattern&#8221;][vc_column width=&#8221;1\/6&#8243;][\/vc_column][vc_column width=&#8221;2\/3&#8243;][vc_empty_space]\n<div class='latest_post_holder dividers two_columns one_row' >\n    <ul>\n    \n        <li class=\"clearfix\">\n            <div class=\"boxes_image\">\n                                <a itemprop=\"url\" href=\"http:\/\/elscolorsilesformes.com\/en\/primeras-muestras-trabajos\/\"><img loading=\"lazy\" decoding=\"async\" width=\"468\" height=\"303\" src=\"http:\/\/elscolorsilesformes.com\/wp-content\/uploads\/2016\/06\/TARJETA_1-1.jpg\" class=\"attachment-latest_post_boxes size-latest_post_boxes wp-post-image\" alt=\"\" \/><\/a>\n            <\/div>\n            <div class=\"latest_post\"  >\n                <div class=\"latest_post_text\">\n                    <div class=\"latest_post_inner\">\n                        <div itemprop=\"dateCreated\" class=\"latest_post_date entry_date updated\">\n                            <div class=\"latest_post_day\">07<\/div>\n                            <div class=\"latest_post_month\">Jun<\/div>\n                            <meta itemprop=\"interactionCount\" content=\"UserComments: 0\" \/>\n                        <\/div>\n\n                        <div class=\"latest_post_text_inner\">\n                            <h2 itemprop=\"name\" class=\"latest_post_title entry_title\"><a itemprop=\"url\" href=\"http:\/\/elscolorsilesformes.com\/en\/primeras-muestras-trabajos\/\">First samples of our work<\/a><\/h2>\n                            <p class=\"excerpt\">A small sample of different works in differen...<\/p>                            <span class=\"post_infos\">\n\n                                \n                                \n                                \n                                                            <\/span>\n\n                        <\/div>\n                    <\/div>\n                <\/div>\n            <\/div>\n        <\/li>\n        \n        <li class=\"clearfix\">\n            <div class=\"boxes_image\">\n                                <a itemprop=\"url\" href=\"http:\/\/elscolorsilesformes.com\/en\/nuestra-web\/\"><img loading=\"lazy\" decoding=\"async\" width=\"468\" height=\"303\" src=\"http:\/\/elscolorsilesformes.com\/wp-content\/uploads\/2016\/06\/TARJETA_1-1.jpg\" class=\"attachment-latest_post_boxes size-latest_post_boxes wp-post-image\" alt=\"\" \/><\/a>\n            <\/div>\n            <div class=\"latest_post\"  >\n                <div class=\"latest_post_text\">\n                    <div class=\"latest_post_inner\">\n                        <div itemprop=\"dateCreated\" class=\"latest_post_date entry_date updated\">\n                            <div class=\"latest_post_day\">05<\/div>\n                            <div class=\"latest_post_month\">Jun<\/div>\n                            <meta itemprop=\"interactionCount\" content=\"UserComments: 0\" \/>\n                        <\/div>\n\n                        <div class=\"latest_post_text_inner\">\n                            <h2 itemprop=\"name\" class=\"latest_post_title entry_title\"><a itemprop=\"url\" href=\"http:\/\/elscolorsilesformes.com\/en\/nuestra-web\/\">Our Web<\/a><\/h2>\n                            <p class=\"excerpt\">Hello friends! I am happy to announce that we...<\/p>                            <span class=\"post_infos\">\n\n                                \n                                \n                                \n                                                            <\/span>\n\n                        <\/div>\n                    <\/div>\n                <\/div>\n            <\/div>\n        <\/li>\n            <\/ul>\n<\/div>[vc_empty_space][\/vc_column][vc_column width=&#8221;1\/6&#8243;][\/vc_column][\/vc_row]\n<\/div>","protected":false},"excerpt":{"rendered":"<p>[vc_row css_animation=&#8221;&#8221; row_type=&#8221;row&#8221; use_row_as_full_screen_section=&#8221;no&#8221; type=&#8221;full_width&#8221; angled_section=&#8221;no&#8221; text_align=&#8221;left&#8221; background_image_as_pattern=&#8221;without_pattern&#8221;][vc_column width=&#8221;1\/6&#8243;][\/vc_column][vc_column width=&#8221;2\/3&#8243;][vc_empty_space][vc_empty_space][\/vc_column][vc_column width=&#8221;1\/6&#8243;][\/vc_column][\/vc_row]<\/p>\n","protected":false},"author":1,"featured_media":0,"parent":0,"menu_order":0,"comment_status":"closed","ping_status":"closed","template":"full_width.php","meta":{"_exactmetrics_skip_tracking":false,"_exactmetrics_sitenote_active":false,"_exactmetrics_sitenote_note":"","_exactmetrics_sitenote_category":0,"footnotes":""},"class_list":["post-413","page","type-page","status-publish","hentry"],"translation":{"provider":"WPGlobus","version":"3.0.2","language":"en","enabled_languages":["es","en"],"languages":{"es":{"title":true,"content":true,"excerpt":false},"en":{"title":false,"content":false,"excerpt":false}}},"yoast_head":"<!-- This site is optimized with the Yoast SEO plugin v27.2 - https:\/\/yoast.com\/product\/yoast-seo-wordpress\/ -->\n<title>Inicio - Els Colors I Les Formes<\/title>\n<meta name=\"robots\" content=\"index, follow, max-snippet:-1, max-image-preview:large, max-video-preview:-1\" \/>\n<link rel=\"canonical\" href=\"http:\/\/elscolorsilesformes.com\/en\/\" \/>\n<meta property=\"og:locale\" content=\"en_US\" \/>\n<meta property=\"og:type\" content=\"article\" \/>\n<meta property=\"og:title\" content=\"Inicio - Els Colors I Les Formes\" \/>\n<meta property=\"og:url\" content=\"http:\/\/elscolorsilesformes.com\/en\/\" \/>\n<meta property=\"og:site_name\" content=\"Els Colors I Les Formes\" \/>\n<meta property=\"article:publisher\" content=\"https:\/\/www.facebook.com\/jordi.riera.127?fref=photo\" \/>\n<meta property=\"article:modified_time\" content=\"2022-04-20T13:39:10+00:00\" \/>\n<meta name=\"twitter:card\" content=\"summary_large_image\" \/>\n<script type=\"application\/ld+json\" class=\"yoast-schema-graph\">{\"@context\":\"https:\/\/schema.org\",\"@graph\":[{\"@type\":\"WebPage\",\"@id\":\"http:\/\/elscolorsilesformes.com\/en\/\",\"url\":\"http:\/\/elscolorsilesformes.com\/en\/\",\"name\":\"Inicio - Els Colors I Les Formes\",\"isPartOf\":{\"@id\":\"http:\/\/elscolorsilesformes.com\/en\/#website\"},\"datePublished\":\"2022-04-11T18:18:37+00:00\",\"dateModified\":\"2022-04-20T13:39:10+00:00\",\"breadcrumb\":{\"@id\":\"http:\/\/elscolorsilesformes.com\/en\/#breadcrumb\"},\"inLanguage\":\"en-US\",\"potentialAction\":[{\"@type\":\"ReadAction\",\"target\":[\"http:\/\/elscolorsilesformes.com\/en\/\"]}]},{\"@type\":\"BreadcrumbList\",\"@id\":\"http:\/\/elscolorsilesformes.com\/en\/#breadcrumb\",\"itemListElement\":[{\"@type\":\"ListItem\",\"position\":1,\"name\":\"Portada\",\"item\":\"http:\/\/elscolorsilesformes.com\/en\/\"},{\"@type\":\"ListItem\",\"position\":2,\"name\":\"Inicio\"}]},{\"@type\":\"WebSite\",\"@id\":\"http:\/\/elscolorsilesformes.com\/en\/#website\",\"url\":\"http:\/\/elscolorsilesformes.com\/en\/\",\"name\":\"Els Colors I Les Formes\",\"description\":\"artista en el mundo de las formas y colores pra dise\u00f1os art\u00edsticos en pl\u00e1stico, cristal y otros materiales.\",\"potentialAction\":[{\"@type\":\"SearchAction\",\"target\":{\"@type\":\"EntryPoint\",\"urlTemplate\":\"http:\/\/elscolorsilesformes.com\/en\/?s={search_term_string}\"},\"query-input\":{\"@type\":\"PropertyValueSpecification\",\"valueRequired\":true,\"valueName\":\"search_term_string\"}}],\"inLanguage\":\"en-US\"}]}<\/script>\n<!-- \/ Yoast SEO plugin. -->","yoast_head_json":{"title":"Inicio - Els Colors I Les Formes","robots":{"index":"index","follow":"follow","max-snippet":"max-snippet:-1","max-image-preview":"max-image-preview:large","max-video-preview":"max-video-preview:-1"},"canonical":"http:\/\/elscolorsilesformes.com\/en\/","og_locale":"en_US","og_type":"article","og_title":"Inicio - Els Colors I Les Formes","og_url":"http:\/\/elscolorsilesformes.com\/en\/","og_site_name":"Els Colors I Les Formes","article_publisher":"https:\/\/www.facebook.com\/jordi.riera.127?fref=photo","article_modified_time":"2022-04-20T13:39:10+00:00","twitter_card":"summary_large_image","schema":{"@context":"https:\/\/schema.org","@graph":[{"@type":"WebPage","@id":"http:\/\/elscolorsilesformes.com\/en\/","url":"http:\/\/elscolorsilesformes.com\/en\/","name":"Inicio - Els Colors I Les Formes","isPartOf":{"@id":"http:\/\/elscolorsilesformes.com\/en\/#website"},"datePublished":"2022-04-11T18:18:37+00:00","dateModified":"2022-04-20T13:39:10+00:00","breadcrumb":{"@id":"http:\/\/elscolorsilesformes.com\/en\/#breadcrumb"},"inLanguage":"en-US","potentialAction":[{"@type":"ReadAction","target":["http:\/\/elscolorsilesformes.com\/en\/"]}]},{"@type":"BreadcrumbList","@id":"http:\/\/elscolorsilesformes.com\/en\/#breadcrumb","itemListElement":[{"@type":"ListItem","position":1,"name":"Portada","item":"http:\/\/elscolorsilesformes.com\/en\/"},{"@type":"ListItem","position":2,"name":"Inicio"}]},{"@type":"WebSite","@id":"http:\/\/elscolorsilesformes.com\/en\/#website","url":"http:\/\/elscolorsilesformes.com\/en\/","name":"Els Colors I Les Formes","description":"artista en el mundo de las formas y colores pra dise\u00f1os art\u00edsticos en pl\u00e1stico, cristal y otros materiales.","potentialAction":[{"@type":"SearchAction","target":{"@type":"EntryPoint","urlTemplate":"http:\/\/elscolorsilesformes.com\/en\/?s={search_term_string}"},"query-input":{"@type":"PropertyValueSpecification","valueRequired":true,"valueName":"search_term_string"}}],"inLanguage":"en-US"}]}},"_links":{"self":[{"href":"http:\/\/elscolorsilesformes.com\/en\/wp-json\/wp\/v2\/pages\/413","targetHints":{"allow":["GET"]}}],"collection":[{"href":"http:\/\/elscolorsilesformes.com\/en\/wp-json\/wp\/v2\/pages"}],"about":[{"href":"http:\/\/elscolorsilesformes.com\/en\/wp-json\/wp\/v2\/types\/page"}],"author":[{"embeddable":true,"href":"http:\/\/elscolorsilesformes.com\/en\/wp-json\/wp\/v2\/users\/1"}],"replies":[{"embeddable":true,"href":"http:\/\/elscolorsilesformes.com\/en\/wp-json\/wp\/v2\/comments?post=413"}],"version-history":[{"count":5,"href":"http:\/\/elscolorsilesformes.com\/en\/wp-json\/wp\/v2\/pages\/413\/revisions"}],"predecessor-version":[{"id":502,"href":"http:\/\/elscolorsilesformes.com\/en\/wp-json\/wp\/v2\/pages\/413\/revisions\/502"}],"wp:attachment":[{"href":"http:\/\/elscolorsilesformes.com\/en\/wp-json\/wp\/v2\/media?parent=413"}],"curies":[{"name":"wp","href":"https:\/\/api.w.org\/{rel}","templated":true}]}}