{"id":391,"date":"2019-06-03T22:21:38","date_gmt":"2019-06-03T20:21:38","guid":{"rendered":"http:\/\/elscolorsilesformes.com\/?page_id=391"},"modified":"2019-06-04T09:13:09","modified_gmt":"2019-06-04T07:13:09","slug":"politica-de-cookies","status":"publish","type":"page","link":"http:\/\/elscolorsilesformes.com\/en\/politica-de-cookies\/","title":{"rendered":"Policy Co0kies"},"content":{"rendered":"\n<div class=\"cli_pg_page_contaner\">\n<h3>Pol\u00edtica de Cookies<\/h3>\n<div>\n\n<span class=\"tlid-translation translation\" lang=\"es\"><span class=\"\" title=\"\">Esta Pol\u00edtica de cookies explica qu\u00e9 son las cookies y c\u00f3mo las usamos.<\/span> <span class=\"\" title=\"\">Debe leer esta pol\u00edtica para comprender qu\u00e9 son las cookies, c\u00f3mo las utilizamos, los tipos de cookies que utilizamos, es decir, la informaci\u00f3n que recopilamos mediante cookies y c\u00f3mo se utiliza esa informaci\u00f3n y c\u00f3mo controlar las preferencias de cookies.<\/span> <span class=\"\" title=\"\">Para obtener m\u00e1s informaci\u00f3n sobre c\u00f3mo usamos, almacenamos y mantenemos sus datos personales seguros, consulte nuestra Pol\u00edtica de privacidad.<\/span><\/span>\n\n<span title=\"\">En cualquier momento puede cambiar o retirar su consentimiento de la Declaraci\u00f3n de cookies en nuestro sitio web.<\/span>\n\n<span title=\"\">Obtenga m\u00e1s informaci\u00f3n sobre qui\u00e9nes somos, c\u00f3mo puede comunicarse con nosotros y c\u00f3mo procesamos los datos personales en nuestra Pol\u00edtica de privacidad.<\/span>\n\n<span title=\"\">Su consentimiento se aplica a los siguientes dominios: elscolorsilesformes.com<\/span>\n\n&nbsp;\n\n<\/div>\n<h3>\u00bf Que son las cookies ?<\/h3>\n<div>\n\n<span class=\"tlid-translation translation\" lang=\"es\"><span class=\"\" title=\"\">Las cookies son peque\u00f1os archivos de texto que se utilizan para almacenar peque\u00f1os fragmentos de informaci\u00f3n.<\/span> <span class=\"\" title=\"\">Las cookies se almacenan en su dispositivo cuando el sitio web se carga en su navegador.<\/span> <span class=\"\" title=\"\">Estas cookies nos ayudan a hacer que el sitio web funcione correctamente, a que sea m\u00e1s seguro, a brindar una mejor experiencia al usuario, a comprender c\u00f3mo funciona el sitio web ya analizar qu\u00e9 funciona y d\u00f3nde debe mejorarse.<\/span><\/span>\n\n<\/div>\n<h3>\u00bf Como usamos nosotros las cookies ?<\/h3>\n<div>\n\n<span class=\"tlid-translation translation\" lang=\"es\"><span title=\"\">Como la mayor\u00eda de los servicios en l\u00ednea, nuestro sitio web utiliza cookies propias y de terceros para varios fines.<\/span> <span class=\"\" title=\"\">Las cookies de origen son, en su mayor\u00eda, necesarias para que el sitio web funcione correctamente, y no recopilan ninguno de sus datos de identificaci\u00f3n personal.<\/span><\/span>\n\n<span class=\"\" title=\"\">Las cookies de terceros que se utilizan en nuestros sitios web se utilizan principalmente para comprender c\u00f3mo funciona el sitio web, c\u00f3mo interact\u00faa con nuestro sitio web, mantener nuestros servicios seguros, proporcionar anuncios que sean relevantes para usted y, en general, proporcionarle una mejor y mejorada informaci\u00f3n.<\/span> <span class=\"\" title=\"\">experiencia de usuario y ayuda a acelerar sus futuras interacciones con nuestro sitio web.<\/span>\n\n<\/div>\n<h3>\u00bf Tipos de cookies que utilizamos ?<\/h3>\n<div>\n\n<span class=\"tlid-translation translation\" lang=\"es\">Esencial: algunas cookies son esenciales para que pueda experimentar la funcionalidad completa de nuestro sitio. Nos permiten mantener sesiones de usuario y prevenir cualquier amenaza de seguridad. No recogen ni almacenan ninguna informaci\u00f3n personal. Por ejemplo, estas cookies le permiten iniciar sesi\u00f3n en su cuenta y agregar productos a su cesta y realizar el pago de forma segura.<\/span>\n\nEstad\u00edsticas: estas cookies almacenan informaci\u00f3n como el n\u00famero de visitantes al sitio web, el n\u00famero de visitantes \u00fanicos, las p\u00e1ginas del sitio web visitadas, la fuente de la visita, etc. Estos datos nos ayudan a comprender y analizar el rendimiento del sitio web. Donde necesita mejorar.\n\nMarketing: nuestro sitio web muestra anuncios. Estas cookies se utilizan para personalizar los anuncios que le mostramos para que sean significativos para usted. Estas cookies tambi\u00e9n nos ayudan a mantener un registro de la eficiencia de estas campa\u00f1as publicitarias.\n\nLa informaci\u00f3n almacenada en estas cookies tambi\u00e9n puede ser utilizada por proveedores de publicidad de terceros para mostrarle anuncios en otros sitios web en el navegador tambi\u00e9n.\n\nFuncional: estas son las cookies que ayudan a ciertas funcionalidades no esenciales en nuestro sitio web. Estas funcionalidades incluyen la incorporaci\u00f3n de contenido como videos o compartir contenidos en el sitio web en las plataformas de redes sociales.\n\nPreferencias: estas cookies nos ayudan a almacenar su configuraci\u00f3n y preferencias de navegaci\u00f3n, como las preferencias de idioma, para que tenga una experiencia mejor y eficiente en futuras visitas al sitio web.\n\n<\/div>\n<div>\n\n&nbsp;\n\n<\/div>\n<\/div>\n[\/vc_column_text][vc_column_text]\n<h4>Segun la ley de protecci\u00f3n de datos informamos de las cookies que utilizamos en nuestra web.<\/h4>\n<table>\n<tbody>\n<tr>\n<td><strong>COOKIE<\/strong><\/td>\n<td><strong>DURACI\u00d3N<\/strong><\/td>\n<td><strong>TIPO<\/strong><\/td>\n<td><strong>PROPOSITO<\/strong><\/td>\n<td><strong>GESTOR<\/strong><\/td>\n<\/tr>\n<tr>\n<td>PHPSESSID<\/td>\n<td>Permanente<\/td>\n<td>T\u00e9cnica<\/td>\n<td>Esta cookie es usado por el lenguaje de encriptado PHP para permitir que las variables de SESI\u00d3N sean guardadas en el servidor web. Esta cookies es esencial para el funcionamiento de la web.<\/td>\n<td>Propia<\/td>\n<\/tr>\n<tr>\n<td>_utma, _utmb,\n_ubmc, _utmz, _utmv, _utmt<\/td>\n<td>Permanente<\/td>\n<td>T\u00e9cnica<\/td>\n<td>Estas cookies son establecidas por Google Analytic para rastrear el uso de la web. Estas cookies no se establecen si desconectas cookies para esta web.<\/td>\n<td>Google Analitycs<\/td>\n<\/tr>\n<tr>\n<td>_ga<\/td>\n<td>2 a\u00f1os<\/td>\n<td>T\u00e9cnica<\/td>\n<td>Se usa para distinguir a los usuarios.<\/td>\n<td>Google Analitycs<\/td>\n<\/tr>\n<tr>\n<td>_gid<\/td>\n<td>24 horas<\/td>\n<td>T\u00e9cnica<\/td>\n<td>Se usa para distinguir a los usuarios.<\/td>\n<td>Google Analitycs<\/td>\n<\/tr>\n<tr>\n<td>_gat<\/td>\n<td>1 minuto<\/td>\n<td>T\u00e9cnica<\/td>\n<td>Se usa para limitar el porcentaje de solicitudes. Si has implementado Google Analytics mediante Google Tag Manager, esta cookie se llamar\u00e1 <code>_dc_gtm_<property-id><\/code>.<\/td>\n<td>Google Analitycs<\/td>\n<\/tr>\n<tr>\n<td>1P_JAR<\/td>\n<td>1 mes<\/td>\n<td>Funcionalidad<\/td>\n<td>Para personalizar los anuncios seg\u00fan los intereses del usuario.<\/td>\n<td>Google<\/td>\n<\/tr>\n<tr>\n<td>CONSENT<\/td>\n<td>Permanente<\/td>\n<td>Funcionalidad<\/td>\n<td>Cookie t\u00e9cnica para controlar la aceptaci\u00f3n de cookies.<\/td>\n<td>Google<\/td>\n<\/tr>\n<tr>\n<td>NID<\/td>\n<td>Temporal (1 a\u00f1o)<\/td>\n<td>Funcionalidad<\/td>\n<td>Cookie NID de Google: un identificador \u00fanico que utilizan las aplicaciones de Google para almacenar la informaci\u00f3n preferida por Usted<\/td>\n<td>Google<\/td>\n<\/tr>\n<tr>\n<td>viewed_cookie_policy, cookielawinfo-checkbox-non-necessary<\/td>\n<td>Temporal (1 dia)<\/td>\n<td>Funcionalidad<\/td>\n<td>Se usa para visualizar y gestionar la pol\u00edtica de cookies.<\/td>\n<td>GDPR Cookie Consent<\/td>\n<\/tr>\n<tr>\n<td>wpglobus-language, wpglobus-language-old<\/td>\n<td>Permantent<\/td>\n<td>Funcionalidad<\/td>\n<td>Traduce la web a los idiomas<\/td>\n<td>WPGlobus<\/td>\n<\/tr>\n<\/tbody>\n<\/table>\n[\/vc_column_text][vc_column_text]\n<div>\n\n&nbsp;\n\n<\/div>\n<h3>\u00bfC\u00f3mo puedo controlar las preferencias de cookies?<\/h3>\n<div>\n\n<span class=\"tlid-translation translation\" lang=\"es\"><span class=\"\" title=\"\">Si decide cambiar sus preferencias m\u00e1s adelante a trav\u00e9s de su sesi\u00f3n de navegaci\u00f3n, puede hacer clic en la pesta\u00f1a &#8220;Pol\u00edtica de privacidad y cookies&#8221; en su pantalla.<\/span> <span class=\"\" title=\"\">Esto mostrar\u00e1 nuevamente el aviso de consentimiento, lo que le permite cambiar sus preferencias o retirar su consentimiento por completo.<\/span><\/span>\n\n<span title=\"\">Adem\u00e1s de esto, los diferentes navegadores proporcionan diferentes m\u00e9todos para bloquear y eliminar las cookies utilizadas por los sitios web.<\/span> <span title=\"\">Puede cambiar la configuraci\u00f3n de su navegador para bloquear \/ eliminar las cookies.<\/span> <span title=\"\">Para obtener m\u00e1s informaci\u00f3n sobre c\u00f3mo administrar y eliminar las cookies, visite wikipedia.org, www.allaboutcookies.org.<\/span>\n\n<\/div>\n","protected":false},"excerpt":{"rendered":"<p>Pol\u00edtica de Cookies Esta Pol\u00edtica de cookies explica qu\u00e9 son las cookies y c\u00f3mo las usamos. Debe leer esta pol\u00edtica para comprender qu\u00e9 son las cookies, c\u00f3mo las utilizamos, los tipos de cookies que utilizamos, es decir, la informaci\u00f3n que recopilamos mediante cookies y c\u00f3mo&#8230;<\/p>\n","protected":false},"author":1,"featured_media":0,"parent":0,"menu_order":0,"comment_status":"closed","ping_status":"closed","template":"fullwidth.php","meta":{"_exactmetrics_skip_tracking":false,"_exactmetrics_sitenote_active":false,"_exactmetrics_sitenote_note":"","_exactmetrics_sitenote_category":0,"footnotes":""},"class_list":["post-391","page","type-page","status-publish","hentry"],"translation":{"provider":"WPGlobus","version":"3.0.2","language":"en","enabled_languages":["es","en"],"languages":{"es":{"title":true,"content":true,"excerpt":false},"en":{"title":true,"content":true,"excerpt":false}}},"yoast_head":"<!-- This site is optimized with the Yoast SEO plugin v27.2 - https:\/\/yoast.com\/product\/yoast-seo-wordpress\/ -->\n<title>Policy Co0kies - Els Colors I Les Formes<\/title>\n<meta name=\"robots\" content=\"index, follow, max-snippet:-1, max-image-preview:large, max-video-preview:-1\" \/>\n<link rel=\"canonical\" href=\"http:\/\/elscolorsilesformes.com\/en\/politica-de-cookies\/\" \/>\n<meta property=\"og:locale\" content=\"en_US\" \/>\n<meta property=\"og:type\" content=\"article\" \/>\n<meta property=\"og:title\" content=\"Policy Co0kies - Els Colors I Les Formes\" \/>\n<meta property=\"og:url\" content=\"http:\/\/elscolorsilesformes.com\/en\/politica-de-cookies\/\" \/>\n<meta property=\"og:site_name\" content=\"Els Colors I Les Formes\" \/>\n<meta property=\"article:publisher\" content=\"https:\/\/www.facebook.com\/jordi.riera.127?fref=photo\" \/>\n<meta property=\"article:modified_time\" content=\"2019-06-04T07:13:09+00:00\" \/>\n<meta name=\"twitter:card\" content=\"summary_large_image\" \/>\n<meta name=\"twitter:label1\" content=\"Est. reading time\" \/>\n\t<meta name=\"twitter:data1\" content=\"10 minutes\" \/>\n<script type=\"application\/ld+json\" class=\"yoast-schema-graph\">{\"@context\":\"https:\/\/schema.org\",\"@graph\":[{\"@type\":\"WebPage\",\"@id\":\"http:\/\/elscolorsilesformes.com\/en\/politica-de-cookies\/\",\"url\":\"http:\/\/elscolorsilesformes.com\/en\/politica-de-cookies\/\",\"name\":\"Policy Co0kies - Els Colors I Les Formes\",\"isPartOf\":{\"@id\":\"http:\/\/elscolorsilesformes.com\/en\/#website\"},\"datePublished\":\"2019-06-03T20:21:38+00:00\",\"dateModified\":\"2019-06-04T07:13:09+00:00\",\"breadcrumb\":{\"@id\":\"http:\/\/elscolorsilesformes.com\/en\/politica-de-cookies\/#breadcrumb\"},\"inLanguage\":\"en-US\",\"potentialAction\":[{\"@type\":\"ReadAction\",\"target\":[\"http:\/\/elscolorsilesformes.com\/en\/politica-de-cookies\/\"]}]},{\"@type\":\"BreadcrumbList\",\"@id\":\"http:\/\/elscolorsilesformes.com\/en\/politica-de-cookies\/#breadcrumb\",\"itemListElement\":[{\"@type\":\"ListItem\",\"position\":1,\"name\":\"Portada\",\"item\":\"http:\/\/elscolorsilesformes.com\/en\/\"},{\"@type\":\"ListItem\",\"position\":2,\"name\":\"Policy Co0kies\"}]},{\"@type\":\"WebSite\",\"@id\":\"http:\/\/elscolorsilesformes.com\/en\/#website\",\"url\":\"http:\/\/elscolorsilesformes.com\/en\/\",\"name\":\"Els Colors I Les Formes\",\"description\":\"artista en el mundo de las formas y colores pra dise\u00f1os art\u00edsticos en pl\u00e1stico, cristal y otros materiales.\",\"potentialAction\":[{\"@type\":\"SearchAction\",\"target\":{\"@type\":\"EntryPoint\",\"urlTemplate\":\"http:\/\/elscolorsilesformes.com\/en\/?s={search_term_string}\"},\"query-input\":{\"@type\":\"PropertyValueSpecification\",\"valueRequired\":true,\"valueName\":\"search_term_string\"}}],\"inLanguage\":\"en-US\"}]}<\/script>\n<!-- \/ Yoast SEO plugin. -->","yoast_head_json":{"title":"Policy Co0kies - Els Colors I Les Formes","robots":{"index":"index","follow":"follow","max-snippet":"max-snippet:-1","max-image-preview":"max-image-preview:large","max-video-preview":"max-video-preview:-1"},"canonical":"http:\/\/elscolorsilesformes.com\/en\/politica-de-cookies\/","og_locale":"en_US","og_type":"article","og_title":"Policy Co0kies - Els Colors I Les Formes","og_url":"http:\/\/elscolorsilesformes.com\/en\/politica-de-cookies\/","og_site_name":"Els Colors I Les Formes","article_publisher":"https:\/\/www.facebook.com\/jordi.riera.127?fref=photo","article_modified_time":"2019-06-04T07:13:09+00:00","twitter_card":"summary_large_image","twitter_misc":{"Est. reading time":"10 minutes"},"schema":{"@context":"https:\/\/schema.org","@graph":[{"@type":"WebPage","@id":"http:\/\/elscolorsilesformes.com\/en\/politica-de-cookies\/","url":"http:\/\/elscolorsilesformes.com\/en\/politica-de-cookies\/","name":"Policy Co0kies - Els Colors I Les Formes","isPartOf":{"@id":"http:\/\/elscolorsilesformes.com\/en\/#website"},"datePublished":"2019-06-03T20:21:38+00:00","dateModified":"2019-06-04T07:13:09+00:00","breadcrumb":{"@id":"http:\/\/elscolorsilesformes.com\/en\/politica-de-cookies\/#breadcrumb"},"inLanguage":"en-US","potentialAction":[{"@type":"ReadAction","target":["http:\/\/elscolorsilesformes.com\/en\/politica-de-cookies\/"]}]},{"@type":"BreadcrumbList","@id":"http:\/\/elscolorsilesformes.com\/en\/politica-de-cookies\/#breadcrumb","itemListElement":[{"@type":"ListItem","position":1,"name":"Portada","item":"http:\/\/elscolorsilesformes.com\/en\/"},{"@type":"ListItem","position":2,"name":"Policy Co0kies"}]},{"@type":"WebSite","@id":"http:\/\/elscolorsilesformes.com\/en\/#website","url":"http:\/\/elscolorsilesformes.com\/en\/","name":"Els Colors I Les Formes","description":"artista en el mundo de las formas y colores pra dise\u00f1os art\u00edsticos en pl\u00e1stico, cristal y otros materiales.","potentialAction":[{"@type":"SearchAction","target":{"@type":"EntryPoint","urlTemplate":"http:\/\/elscolorsilesformes.com\/en\/?s={search_term_string}"},"query-input":{"@type":"PropertyValueSpecification","valueRequired":true,"valueName":"search_term_string"}}],"inLanguage":"en-US"}]}},"_links":{"self":[{"href":"http:\/\/elscolorsilesformes.com\/en\/wp-json\/wp\/v2\/pages\/391","targetHints":{"allow":["GET"]}}],"collection":[{"href":"http:\/\/elscolorsilesformes.com\/en\/wp-json\/wp\/v2\/pages"}],"about":[{"href":"http:\/\/elscolorsilesformes.com\/en\/wp-json\/wp\/v2\/types\/page"}],"author":[{"embeddable":true,"href":"http:\/\/elscolorsilesformes.com\/en\/wp-json\/wp\/v2\/users\/1"}],"replies":[{"embeddable":true,"href":"http:\/\/elscolorsilesformes.com\/en\/wp-json\/wp\/v2\/comments?post=391"}],"version-history":[{"count":5,"href":"http:\/\/elscolorsilesformes.com\/en\/wp-json\/wp\/v2\/pages\/391\/revisions"}],"predecessor-version":[{"id":397,"href":"http:\/\/elscolorsilesformes.com\/en\/wp-json\/wp\/v2\/pages\/391\/revisions\/397"}],"wp:attachment":[{"href":"http:\/\/elscolorsilesformes.com\/en\/wp-json\/wp\/v2\/media?parent=391"}],"curies":[{"name":"wp","href":"https:\/\/api.w.org\/{rel}","templated":true}]}}