{"id":177,"date":"2016-06-09T16:57:35","date_gmt":"2016-06-09T16:57:35","guid":{"rendered":"http:\/\/elscolorsilesformes.com\/?page_id=177"},"modified":"2016-07-20T08:27:35","modified_gmt":"2016-07-20T08:27:35","slug":"exposiciones","status":"publish","type":"page","link":"http:\/\/elscolorsilesformes.com\/en\/exposiciones\/","title":{"rendered":"Exhibit"},"content":{"rendered":"<h2 style=\"text-align: center;\">My first <span id=\"result_box\" class=\"short_text\" lang=\"en\"><span class=\"\">exposure<\/span> <span class=\"\">was with<\/span><\/span> Sisco Bellet.<\/h2>\n<h2 style=\"text-align: center;\"><span id=\"result_box\" class=\"\" lang=\"en\"><span class=\"\">Filled with<\/span> <span class=\"\">much excitement<\/span><span class=\"\">, curiosity<\/span> <span class=\"\">and enthusiasm<\/span><span class=\"\">.<\/span><\/span><\/h2>\n<p style=\"text-align: center;\"><div class=\"su-column su-column-size-1-2 su-column-centered\"><div class=\"su-column-inner su-u-clearfix su-u-trim\"><div class=\"su-service\"><div class=\"su-service-title\" style=\"padding-left:46px;min-height:32px;line-height:32px\"><i class=\"sui sui-bullseye\" style=\"font-size:32px;color:#3bdbff\"><\/i> 1a Exposure<\/div><div class=\"su-service-content su-u-clearfix su-u-trim\" style=\"padding-left:46px\"><span id=\"result_box\" class=\"\" lang=\"en\">MIRALCAMP SUMMER FESTIVAL AUGUST 1996 (SISCO BELLET &amp; JORDI <span class=\"\">RIERA<\/span>)<span class=\"\">.<\/span><\/span><\/div><\/div><\/div><\/div>\n<p style=\"text-align: center;\"><div class=\"su-divider su-divider-style-dotted\" style=\"margin:15px 0;border-width:4px;border-color:#23b6fa\"><\/div>\n<p style=\"text-align: center;\"><div class=\"su-column su-column-size-1-2 su-column-centered\"><div class=\"su-column-inner su-u-clearfix su-u-trim\"><div class=\"su-service\"><div class=\"su-service-title\" style=\"padding-left:46px;min-height:32px;line-height:32px\"><i class=\"sui sui-bullseye\" style=\"font-size:32px;color:#3bdbff\"><\/i> 2a Exposure<\/div><div class=\"su-service-content su-u-clearfix su-u-trim\" style=\"padding-left:46px\"><span id=\"result_box\" class=\"short_text\" lang=\"en\">HOUSE OF CULTURE OF MOLLERUSSA 1998 (<span class=\"\">COLLECTIVE<\/span><span class=\"\">)<\/span><span class=\"\">.<\/span><\/span><\/div><\/div><\/div><\/div>\n<p style=\"text-align: center;\"><div class=\"su-divider su-divider-style-dotted\" style=\"margin:15px 0;border-width:4px;border-color:#23b6fa\"><\/div>\n<p style=\"text-align: center;\"><div class=\"su-column su-column-size-1-2 su-column-centered\"><div class=\"su-column-inner su-u-clearfix su-u-trim\"><div class=\"su-service\"><div class=\"su-service-title\" style=\"padding-left:46px;min-height:32px;line-height:32px\"><i class=\"sui sui-bullseye\" style=\"font-size:32px;color:#3bdbff\"><\/i> 3a Exposure<\/div><div class=\"su-service-content su-u-clearfix su-u-trim\" style=\"padding-left:46px\"><span id=\"result_box\" class=\"short_text\" lang=\"en\">HOUSE OF CULTURE OF MOLLERUSSA 1998 (<span class=\"\">COLLECTIVE<\/span><span class=\"\">)<\/span><span class=\"\">.<\/span><\/span><\/div><\/div><\/div><\/div>\n<p style=\"text-align: center;\"><div class=\"su-divider su-divider-style-dotted\" style=\"margin:15px 0;border-width:4px;border-color:#23b6fa\"><\/div>\n<p style=\"text-align: center;\"><div class=\"su-column su-column-size-1-2 su-column-centered\"><div class=\"su-column-inner su-u-clearfix su-u-trim\"><div class=\"su-service\"><div class=\"su-service-title\" style=\"padding-left:46px;min-height:32px;line-height:32px\"><i class=\"sui sui-bullseye\" style=\"font-size:32px;color:#3bdbff\"><\/i> 4a Exposure<\/div><div class=\"su-service-content su-u-clearfix su-u-trim\" style=\"padding-left:46px\"><span id=\"result_box\" class=\"short_text\" lang=\"en\"><span class=\"\">MEDICAL<\/span> <span class=\"\">CENTER<\/span> MOLLERUSSA 1999 (<span class=\"\">COLLECTIVE<\/span><span class=\"\">)<\/span><span class=\"\">.<\/span><\/span><\/div><\/div><\/div><\/div>\n<p style=\"text-align: center;\"><div class=\"su-divider su-divider-style-dotted\" style=\"margin:15px 0;border-width:4px;border-color:#23b6fa\"><\/div>\n<p style=\"text-align: center;\"><div class=\"su-column su-column-size-1-2 su-column-centered\"><div class=\"su-column-inner su-u-clearfix su-u-trim\"><div class=\"su-service\"><div class=\"su-service-title\" style=\"padding-left:46px;min-height:32px;line-height:32px\"><i class=\"sui sui-bullseye\" style=\"font-size:32px;color:#3bdbff\"><\/i> 5a Exposure<\/div><div class=\"su-service-content su-u-clearfix su-u-trim\" style=\"padding-left:46px\"><span id=\"result_box\" class=\"\" lang=\"en\">SUMMER FESTIVAL<\/span> <span id=\"result_box\" class=\"\" lang=\"en\">MIRALCAMP <span class=\"\">OF<\/span> <span class=\"\">AUGUST<\/span> <span class=\"\">2002, MY LONE FIRST<\/span><span class=\"\"> EXPOSURE.<\/span><\/span><\/div><\/div><\/div><\/div>\n<p style=\"text-align: center;\"><div class=\"su-divider su-divider-style-dotted\" style=\"margin:15px 0;border-width:4px;border-color:#23b6fa\"><\/div>\n<p style=\"text-align: center;\"><div class=\"su-column su-column-size-1-2 su-column-centered\"><div class=\"su-column-inner su-u-clearfix su-u-trim\"><div class=\"su-service\"><div class=\"su-service-title\" style=\"padding-left:46px;min-height:32px;line-height:32px\"><i class=\"sui sui-bullseye\" style=\"font-size:32px;color:#3bdbff\"><\/i> 6a Exposure<\/div><div class=\"su-service-content su-u-clearfix su-u-trim\" style=\"padding-left:46px\"><span id=\"result_box\" class=\"short_text\" lang=\"en\">MOLLERUSSA <span class=\"\">FASHION<\/span> DESIGN AND OCTOBER 2003<span class=\"\">.<\/span><\/span><\/div><\/div><\/div><\/div>\n<p style=\"text-align: center;\"><div class=\"su-divider su-divider-style-dotted\" style=\"margin:15px 0;border-width:4px;border-color:#23b6fa\"><\/div>\n<p style=\"text-align: center;\"><div class=\"su-column su-column-size-1-2 su-column-centered\"><div class=\"su-column-inner su-u-clearfix su-u-trim\"><div class=\"su-service\"><div class=\"su-service-title\" style=\"padding-left:46px;min-height:32px;line-height:32px\"><i class=\"sui sui-bullseye\" style=\"font-size:32px;color:#3bdbff\"><\/i> 7a Exposure<\/div><div class=\"su-service-content su-u-clearfix su-u-trim\" style=\"padding-left:46px\"><span id=\"result_box\" class=\"short_text\" lang=\"en\">CHARITY &#8220;<span class=\"\">MANS<\/span> <span class=\"\">UNIDES<\/span>&#8221; <span class=\"\">T\u00c1RREGA<\/span> <span class=\"\">JANUARY<\/span> <span class=\"\">2004<\/span><span class=\"\">.<\/span><\/span><\/div><\/div><\/div><\/div>\n<p style=\"text-align: center;\"><div class=\"su-divider su-divider-style-dotted\" style=\"margin:15px 0;border-width:4px;border-color:#23b6fa\"><\/div>\n<p style=\"text-align: center;\"><div class=\"su-column su-column-size-1-2 su-column-centered\"><div class=\"su-column-inner su-u-clearfix su-u-trim\"><div class=\"su-service\"><div class=\"su-service-title\" style=\"padding-left:46px;min-height:32px;line-height:32px\"><i class=\"sui sui-bullseye\" style=\"font-size:32px;color:#3bdbff\"><\/i> 8a Exposure<\/div><div class=\"su-service-content su-u-clearfix su-u-trim\" style=\"padding-left:46px\"><span id=\"result_box\" class=\"short_text\" lang=\"en\"><span class=\"\">MARTINA<\/span> <span class=\"\">JEWELLERY<\/span>\u00a0<span class=\"\">SHOWCASE<\/span> <span class=\"\">20\/02\/2004<\/span><span class=\"\">.<\/span><\/span><\/div><\/div><\/div><\/div>\n<p style=\"text-align: center;\"><div class=\"su-divider su-divider-style-dotted\" style=\"margin:15px 0;border-width:4px;border-color:#23b6fa\"><\/div>\n<p style=\"text-align: center;\"><div class=\"su-column su-column-size-1-2 su-column-centered\"><div class=\"su-column-inner su-u-clearfix su-u-trim\"><div class=\"su-service\"><div class=\"su-service-title\" style=\"padding-left:46px;min-height:32px;line-height:32px\"><i class=\"sui sui-bullseye\" style=\"font-size:32px;color:#3bdbff\"><\/i> 9a Exposure<\/div><div class=\"su-service-content su-u-clearfix su-u-trim\" style=\"padding-left:46px\">PUB LE SAXO 27-9-2004 AL 9-1-2005.<\/div><\/div><\/div><\/div>\n<p style=\"text-align: center;\"><div class=\"su-divider su-divider-style-dotted\" style=\"margin:15px 0;border-width:4px;border-color:#23b6fa\"><\/div>\n<p style=\"text-align: center;\"><div class=\"su-column su-column-size-1-2 su-column-centered\"><div class=\"su-column-inner su-u-clearfix su-u-trim\"><div class=\"su-service\"><div class=\"su-service-title\" style=\"padding-left:46px;min-height:32px;line-height:32px\"><i class=\"sui sui-bullseye\" style=\"font-size:32px;color:#3bdbff\"><\/i> 10a Exposure<\/div><div class=\"su-service-content su-u-clearfix su-u-trim\" style=\"padding-left:46px\"><span id=\"result_box\" class=\"short_text\" lang=\"en\">MOLLERUSSA <span class=\"\">FASHION<\/span> DESIGN AND OCTOBER<\/span> 2004.<\/div><\/div><\/div><\/div>\n<p style=\"text-align: center;\"><div class=\"su-divider su-divider-style-dotted\" style=\"margin:15px 0;border-width:4px;border-color:#23b6fa\"><\/div>\n<p style=\"text-align: center;\"><div class=\"su-column su-column-size-1-2 su-column-centered\"><div class=\"su-column-inner su-u-clearfix su-u-trim\"><div class=\"su-service\"><div class=\"su-service-title\" style=\"padding-left:46px;min-height:32px;line-height:32px\"><i class=\"sui sui-bullseye\" style=\"font-size:32px;color:#3bdbff\"><\/i> 11a Exposure<\/div><div class=\"su-service-content su-u-clearfix su-u-trim\" style=\"padding-left:46px\">PUB LITERARI 27-10-2004 TO 9-1-2005.<\/div><\/div><\/div><\/div>\n<p style=\"text-align: center;\"><div class=\"su-divider su-divider-style-dotted\" style=\"margin:15px 0;border-width:4px;border-color:#23b6fa\"><\/div>\n<p style=\"text-align: center;\"><div class=\"su-column su-column-size-1-2 su-column-centered\"><div class=\"su-column-inner su-u-clearfix su-u-trim\"><div class=\"su-service\"><div class=\"su-service-title\" style=\"padding-left:46px;min-height:32px;line-height:32px\"><i class=\"sui sui-bullseye\" style=\"font-size:32px;color:#3bdbff\"><\/i> 12a Exposure<\/div><div class=\"su-service-content su-u-clearfix su-u-trim\" style=\"padding-left:46px\">RESTAURANT FONT BLANCA BALAGUER 3-3-2004 TO 25-8-2005.<\/div><\/div><\/div><\/div>\n<p style=\"text-align: center;\"><div class=\"su-divider su-divider-style-dotted\" style=\"margin:15px 0;border-width:4px;border-color:#23b6fa\"><\/div>\n<p style=\"text-align: center;\"><div class=\"su-column su-column-size-1-2 su-column-centered\"><div class=\"su-column-inner su-u-clearfix su-u-trim\"><div class=\"su-service\"><div class=\"su-service-title\" style=\"padding-left:46px;min-height:32px;line-height:32px\"><i class=\"sui sui-bullseye\" style=\"font-size:32px;color:#3bdbff\"><\/i> 13a Exposure<\/div><div class=\"su-service-content su-u-clearfix su-u-trim\" style=\"padding-left:46px\"><span id=\"result_box\" class=\"short_text\" lang=\"en\"><span class=\"\">BUTCHER SHOP<\/span><\/span> CAL SET\u00d3<\/div><\/div><\/div><\/div>\n<p style=\"text-align: center;\"><div class=\"su-divider su-divider-style-dotted\" style=\"margin:15px 0;border-width:4px;border-color:#23b6fa\"><\/div>\n<p style=\"text-align: center;\"><div class=\"su-column su-column-size-1-2 su-column-centered\"><div class=\"su-column-inner su-u-clearfix su-u-trim\"><div class=\"su-service\"><div class=\"su-service-title\" style=\"padding-left:46px;min-height:32px;line-height:32px\"><i class=\"sui sui-bullseye\" style=\"font-size:32px;color:#3bdbff\"><\/i> 14a Exposure<\/div><div class=\"su-service-content su-u-clearfix su-u-trim\" style=\"padding-left:46px\">MIRALCAMP SUMMER FESTIVAL 27-28-29 AUGUST.<\/div><\/div><\/div><\/div>\n<p style=\"text-align: center;\"><div class=\"su-divider su-divider-style-dotted\" style=\"margin:15px 0;border-width:4px;border-color:#23b6fa\"><\/div>\n<p style=\"text-align: center;\"><div class=\"su-column su-column-size-1-2 su-column-centered\"><div class=\"su-column-inner su-u-clearfix su-u-trim\"><div class=\"su-service\"><div class=\"su-service-title\" style=\"padding-left:46px;min-height:32px;line-height:32px\"><i class=\"sui sui-bullseye\" style=\"font-size:32px;color:#3bdbff\"><\/i> 15a Exposure<\/div><div class=\"su-service-content su-u-clearfix su-u-trim\" style=\"padding-left:46px\">SUMMER 2006 <span id=\"result_box\" class=\"short_text\" lang=\"en\"><span class=\"\">BUTCHER SHOP<\/span><\/span> CAL SET\u00d3.<\/div><\/div><\/div><\/div>\n<p style=\"text-align: center;\"><div class=\"su-divider su-divider-style-dotted\" style=\"margin:15px 0;border-width:4px;border-color:#23b6fa\"><\/div>\n<p style=\"text-align: center;\"><div class=\"su-column su-column-size-1-2 su-column-centered\"><div class=\"su-column-inner su-u-clearfix su-u-trim\"><div class=\"su-service\"><div class=\"su-service-title\" style=\"padding-left:46px;min-height:32px;line-height:32px\"><i class=\"sui sui-bullseye\" style=\"font-size:32px;color:#3bdbff\"><\/i> 16a Exposure<\/div><div class=\"su-service-content su-u-clearfix su-u-trim\" style=\"padding-left:46px\">SUMMER FESTIVAL AUGUST 2010.<\/div><\/div><\/div><\/div>\n<p style=\"text-align: center;\"><div class=\"su-divider su-divider-style-dotted\" style=\"margin:15px 0;border-width:4px;border-color:#23b6fa\"><\/div>\n<p style=\"text-align: center;\"><div class=\"su-column su-column-size-1-2 su-column-centered\"><div class=\"su-column-inner su-u-clearfix su-u-trim\"><div class=\"su-service\"><div class=\"su-service-title\" style=\"padding-left:46px;min-height:32px;line-height:32px\"><i class=\"sui sui-bullseye\" style=\"font-size:32px;color:#3bdbff\"><\/i> 17a Exposure<\/div><div class=\"su-service-content su-u-clearfix su-u-trim\" style=\"padding-left:46px\">RESTAURANT O SOLE MIO L\u00c9RIDA 13-4-2011. <\/div><\/div><\/div><\/div>\n<p style=\"text-align: center;\"><div class=\"su-divider su-divider-style-dotted\" style=\"margin:15px 0;border-width:4px;border-color:#23b6fa\"><\/div>\n<p style=\"text-align: center;\"><div class=\"su-column su-column-size-1-2 su-column-centered\"><div class=\"su-column-inner su-u-clearfix su-u-trim\"><div class=\"su-service\"><div class=\"su-service-title\" style=\"padding-left:46px;min-height:32px;line-height:32px\"><i class=\"sui sui-bullseye\" style=\"font-size:32px;color:#3bdbff\"><\/i> 18a Exposure<\/div><div class=\"su-service-content su-u-clearfix su-u-trim\" style=\"padding-left:46px\"><span id=\"result_box\" class=\"\" lang=\"en\"><span class=\"\">CHAPEL <\/span>SAN SEBASTIAN SUMER FESTIVAL OF FONDARELLA 3-4 SEPTEMBER 2011.<\/span><\/div><\/div><\/div><\/div>\n<p style=\"text-align: center;\"><div class=\"su-divider su-divider-style-dotted\" style=\"margin:15px 0;border-width:4px;border-color:#23b6fa\"><\/div>\n<p style=\"text-align: center;\"><div class=\"su-column su-column-size-1-2 su-column-centered\"><div class=\"su-column-inner su-u-clearfix su-u-trim\"><div class=\"su-service\"><div class=\"su-service-title\" style=\"padding-left:46px;min-height:32px;line-height:32px\"><i class=\"sui sui-bullseye\" style=\"font-size:32px;color:#3bdbff\"><\/i> 19a Exposure<\/div><div class=\"su-service-content su-u-clearfix su-u-trim\" style=\"padding-left:46px\">MIRALCAMP SUMMER FESTIVAL\u00a0 2012 25-26 AUGUST.<\/div><\/div><\/div><\/div>\n<p style=\"text-align: center;\"><div class=\"su-divider su-divider-style-dotted\" style=\"margin:15px 0;border-width:4px;border-color:#23b6fa\"><\/div>\n<p style=\"text-align: center;\"><div class=\"su-column su-column-size-1-2 su-column-centered\"><div class=\"su-column-inner su-u-clearfix su-u-trim\"><div class=\"su-service\"><div class=\"su-service-title\" style=\"padding-left:46px;min-height:32px;line-height:32px\"><i class=\"sui sui-bullseye\" style=\"font-size:32px;color:#3bdbff\"><\/i> 20a Exposure<\/div><div class=\"su-service-content su-u-clearfix su-u-trim\" style=\"padding-left:46px\">ART GALLERY 2015 17 JANUARY TO 11 FEBRUARY. REUS<\/div><\/div><\/div><\/div>\n<p style=\"text-align: center;\"><div class=\"su-divider su-divider-style-dotted\" style=\"margin:15px 0;border-width:4px;border-color:#23b6fa\"><\/div>\n<p style=\"text-align: center;\"><div class=\"su-column su-column-size-1-2 su-column-centered\"><div class=\"su-column-inner su-u-clearfix su-u-trim\"><div class=\"su-service\"><div class=\"su-service-title\" style=\"padding-left:46px;min-height:32px;line-height:32px\"><i class=\"sui sui-bullseye\" style=\"font-size:32px;color:#3bdbff\"><\/i> 21a Exposure<\/div><div class=\"su-service-content su-u-clearfix su-u-trim\" style=\"padding-left:46px\">EKA MOOR ART GALLERY MADRID 17-4\u00a0 TO 14-5 2015.<\/div><\/div><\/div><\/div>\n<p style=\"text-align: center;\"><div class=\"su-divider su-divider-style-dotted\" style=\"margin:15px 0;border-width:4px;border-color:#23b6fa\"><\/div>\n<p style=\"text-align: center;\"><div class=\"su-column su-column-size-1-2 su-column-centered\"><div class=\"su-column-inner su-u-clearfix su-u-trim\"><div class=\"su-service\"><div class=\"su-service-title\" style=\"padding-left:46px;min-height:32px;line-height:32px\"><i class=\"sui sui-bullseye\" style=\"font-size:32px;color:#3bdbff\"><\/i> 22a Exposure<\/div><div class=\"su-service-content su-u-clearfix su-u-trim\" style=\"padding-left:46px\">ART GALLERY 16 -6 TO 30-6 2015.REUS.<\/div><\/div><\/div><\/div>\n<p style=\"text-align: center;\"><div class=\"su-divider su-divider-style-dotted\" style=\"margin:15px 0;border-width:4px;border-color:#23b6fa\"><\/div>\n<p style=\"text-align: center;\"><div class=\"su-column su-column-size-1-2 su-column-centered\"><div class=\"su-column-inner su-u-clearfix su-u-trim\"><div class=\"su-service\"><div class=\"su-service-title\" style=\"padding-left:46px;min-height:32px;line-height:32px\"><i class=\"sui sui-bullseye\" style=\"font-size:32px;color:#3bdbff\"><\/i> 23a Exposure<\/div><div class=\"su-service-content su-u-clearfix su-u-trim\" style=\"padding-left:46px\">A CORU\u00d1A GALLERY\u00a0 NOVEMBER 6 TO AUGUST\u00a031\u00a0 2015.<\/div><\/div><\/div><\/div>\n<p style=\"text-align: center;\"><div class=\"su-divider su-divider-style-dotted\" style=\"margin:15px 0;border-width:4px;border-color:#23b6fa\"><\/div>\n<p style=\"text-align: center;\"><div class=\"su-column su-column-size-1-2 su-column-centered\"><div class=\"su-column-inner su-u-clearfix su-u-trim\"><div class=\"su-service\"><div class=\"su-service-title\" style=\"padding-left:46px;min-height:32px;line-height:32px\"><i class=\"sui sui-bullseye\" style=\"font-size:32px;color:#3bdbff\"><\/i> 24a Exposure<\/div><div class=\"su-service-content su-u-clearfix su-u-trim\" style=\"padding-left:46px\">BCM BARCELONA GALLERY\u00a0 2 TO NOVEMBER\u00a015 \u00a0 2015.<\/div><\/div><\/div><\/div>\n<p style=\"text-align: center;\"><div class=\"su-divider su-divider-style-dotted\" style=\"margin:15px 0;border-width:4px;border-color:#23b6fa\"><\/div>\n<p style=\"text-align: center;\"><div class=\"su-column su-column-size-1-2 su-column-centered\"><div class=\"su-column-inner su-u-clearfix su-u-trim\"><div class=\"su-service\"><div class=\"su-service-title\" style=\"padding-left:46px;min-height:32px;line-height:32px\"><i class=\"sui sui-bullseye\" style=\"font-size:32px;color:#3bdbff\"><\/i> 25a Exposure<\/div><div class=\"su-service-content su-u-clearfix su-u-trim\" style=\"padding-left:46px\">ART GALLERY REUS 4 TO\u00a0 JANUARY\u00a031\u00a0 2016.<\/div><\/div><\/div><\/div>\n<p style=\"text-align: center;\"><div class=\"su-divider su-divider-style-dotted\" style=\"margin:15px 0;border-width:4px;border-color:#23b6fa\"><\/div>\n<p style=\"text-align: center;\">\n","protected":false},"excerpt":{"rendered":"<p>My first exposure was with Sisco Bellet. Filled with much excitement, curiosity and enthusiasm.<\/p>\n","protected":false},"author":1,"featured_media":0,"parent":0,"menu_order":0,"comment_status":"closed","ping_status":"closed","template":"fullwidth.php","meta":{"_exactmetrics_skip_tracking":false,"_exactmetrics_sitenote_active":false,"_exactmetrics_sitenote_note":"","_exactmetrics_sitenote_category":0,"footnotes":""},"class_list":["post-177","page","type-page","status-publish","hentry"],"translation":{"provider":"WPGlobus","version":"3.0.2","language":"en","enabled_languages":["es","en"],"languages":{"es":{"title":true,"content":true,"excerpt":false},"en":{"title":true,"content":true,"excerpt":false}}},"yoast_head":"<!-- This site is optimized with the Yoast SEO plugin v27.2 - https:\/\/yoast.com\/product\/yoast-seo-wordpress\/ -->\n<title>Exhibit - Els Colors I Les Formes<\/title>\n<meta name=\"robots\" content=\"index, follow, max-snippet:-1, max-image-preview:large, max-video-preview:-1\" \/>\n<link rel=\"canonical\" href=\"https:\/\/elscolorsilesformes.com\/exposiciones\/\" \/>\n<meta property=\"og:locale\" content=\"en_US\" \/>\n<meta property=\"og:type\" content=\"article\" \/>\n<meta property=\"og:title\" content=\"Exhibit - Els Colors I Les Formes\" \/>\n<meta property=\"og:url\" content=\"https:\/\/elscolorsilesformes.com\/exposiciones\/\" \/>\n<meta property=\"og:site_name\" content=\"Els Colors I Les Formes\" \/>\n<meta property=\"article:publisher\" content=\"https:\/\/www.facebook.com\/jordi.riera.127?fref=photo\" \/>\n<meta property=\"article:modified_time\" content=\"2016-07-20T08:27:35+00:00\" \/>\n<meta name=\"twitter:card\" content=\"summary_large_image\" \/>\n<meta name=\"twitter:label1\" content=\"Est. reading time\" \/>\n\t<meta name=\"twitter:data1\" content=\"13 minutes\" \/>\n<script type=\"application\/ld+json\" class=\"yoast-schema-graph\">{\"@context\":\"https:\/\/schema.org\",\"@graph\":[{\"@type\":\"WebPage\",\"@id\":\"https:\/\/elscolorsilesformes.com\/exposiciones\/\",\"url\":\"https:\/\/elscolorsilesformes.com\/exposiciones\/\",\"name\":\"Exhibit - Els Colors I Les Formes\",\"isPartOf\":{\"@id\":\"http:\/\/elscolorsilesformes.com\/en\/#website\"},\"datePublished\":\"2016-06-09T16:57:35+00:00\",\"dateModified\":\"2016-07-20T08:27:35+00:00\",\"breadcrumb\":{\"@id\":\"https:\/\/elscolorsilesformes.com\/exposiciones\/#breadcrumb\"},\"inLanguage\":\"en-US\",\"potentialAction\":[{\"@type\":\"ReadAction\",\"target\":[\"https:\/\/elscolorsilesformes.com\/exposiciones\/\"]}]},{\"@type\":\"BreadcrumbList\",\"@id\":\"https:\/\/elscolorsilesformes.com\/exposiciones\/#breadcrumb\",\"itemListElement\":[{\"@type\":\"ListItem\",\"position\":1,\"name\":\"Portada\",\"item\":\"http:\/\/elscolorsilesformes.com\/en\/\"},{\"@type\":\"ListItem\",\"position\":2,\"name\":\"Exposiciones\"}]},{\"@type\":\"WebSite\",\"@id\":\"http:\/\/elscolorsilesformes.com\/en\/#website\",\"url\":\"http:\/\/elscolorsilesformes.com\/en\/\",\"name\":\"Els Colors I Les Formes\",\"description\":\"artista en el mundo de las formas y colores pra dise\u00f1os art\u00edsticos en pl\u00e1stico, cristal y otros materiales.\",\"potentialAction\":[{\"@type\":\"SearchAction\",\"target\":{\"@type\":\"EntryPoint\",\"urlTemplate\":\"http:\/\/elscolorsilesformes.com\/en\/?s={search_term_string}\"},\"query-input\":{\"@type\":\"PropertyValueSpecification\",\"valueRequired\":true,\"valueName\":\"search_term_string\"}}],\"inLanguage\":\"en-US\"}]}<\/script>\n<!-- \/ Yoast SEO plugin. -->","yoast_head_json":{"title":"Exhibit - Els Colors I Les Formes","robots":{"index":"index","follow":"follow","max-snippet":"max-snippet:-1","max-image-preview":"max-image-preview:large","max-video-preview":"max-video-preview:-1"},"canonical":"https:\/\/elscolorsilesformes.com\/exposiciones\/","og_locale":"en_US","og_type":"article","og_title":"Exhibit - Els Colors I Les Formes","og_url":"https:\/\/elscolorsilesformes.com\/exposiciones\/","og_site_name":"Els Colors I Les Formes","article_publisher":"https:\/\/www.facebook.com\/jordi.riera.127?fref=photo","article_modified_time":"2016-07-20T08:27:35+00:00","twitter_card":"summary_large_image","twitter_misc":{"Est. reading time":"13 minutes"},"schema":{"@context":"https:\/\/schema.org","@graph":[{"@type":"WebPage","@id":"https:\/\/elscolorsilesformes.com\/exposiciones\/","url":"https:\/\/elscolorsilesformes.com\/exposiciones\/","name":"Exhibit - Els Colors I Les Formes","isPartOf":{"@id":"http:\/\/elscolorsilesformes.com\/en\/#website"},"datePublished":"2016-06-09T16:57:35+00:00","dateModified":"2016-07-20T08:27:35+00:00","breadcrumb":{"@id":"https:\/\/elscolorsilesformes.com\/exposiciones\/#breadcrumb"},"inLanguage":"en-US","potentialAction":[{"@type":"ReadAction","target":["https:\/\/elscolorsilesformes.com\/exposiciones\/"]}]},{"@type":"BreadcrumbList","@id":"https:\/\/elscolorsilesformes.com\/exposiciones\/#breadcrumb","itemListElement":[{"@type":"ListItem","position":1,"name":"Portada","item":"http:\/\/elscolorsilesformes.com\/en\/"},{"@type":"ListItem","position":2,"name":"Exposiciones"}]},{"@type":"WebSite","@id":"http:\/\/elscolorsilesformes.com\/en\/#website","url":"http:\/\/elscolorsilesformes.com\/en\/","name":"Els Colors I Les Formes","description":"artista en el mundo de las formas y colores pra dise\u00f1os art\u00edsticos en pl\u00e1stico, cristal y otros materiales.","potentialAction":[{"@type":"SearchAction","target":{"@type":"EntryPoint","urlTemplate":"http:\/\/elscolorsilesformes.com\/en\/?s={search_term_string}"},"query-input":{"@type":"PropertyValueSpecification","valueRequired":true,"valueName":"search_term_string"}}],"inLanguage":"en-US"}]}},"_links":{"self":[{"href":"http:\/\/elscolorsilesformes.com\/en\/wp-json\/wp\/v2\/pages\/177","targetHints":{"allow":["GET"]}}],"collection":[{"href":"http:\/\/elscolorsilesformes.com\/en\/wp-json\/wp\/v2\/pages"}],"about":[{"href":"http:\/\/elscolorsilesformes.com\/en\/wp-json\/wp\/v2\/types\/page"}],"author":[{"embeddable":true,"href":"http:\/\/elscolorsilesformes.com\/en\/wp-json\/wp\/v2\/users\/1"}],"replies":[{"embeddable":true,"href":"http:\/\/elscolorsilesformes.com\/en\/wp-json\/wp\/v2\/comments?post=177"}],"version-history":[{"count":5,"href":"http:\/\/elscolorsilesformes.com\/en\/wp-json\/wp\/v2\/pages\/177\/revisions"}],"predecessor-version":[{"id":331,"href":"http:\/\/elscolorsilesformes.com\/en\/wp-json\/wp\/v2\/pages\/177\/revisions\/331"}],"wp:attachment":[{"href":"http:\/\/elscolorsilesformes.com\/en\/wp-json\/wp\/v2\/media?parent=177"}],"curies":[{"name":"wp","href":"https:\/\/api.w.org\/{rel}","templated":true}]}}